{"id":151143,"date":"2024-05-28T16:04:42","date_gmt":"2024-05-28T14:04:42","guid":{"rendered":"https:\/\/www.gpigroup.com\/gpi4med-medical-software-suite\/"},"modified":"2024-10-24T18:12:50","modified_gmt":"2024-10-24T16:12:50","slug":"gpi4med-medical-software-suite","status":"publish","type":"page","link":"https:\/\/www.gpigroup.com\/de\/gpi4med-medical-software-suite\/","title":{"rendered":"Gpi4Med Suite"},"content":{"rendered":"<div class=\"wpb-content-wrapper\"><p>[vc_row full_width=&#8221;stretch_row&#8221; css=&#8221;.vc_custom_1553766882955{padding-bottom: 30px !important;}&#8221; el_class=&#8221;text-row my-0&#8243;][vc_column][vc_row_inner][vc_column_inner][vc_column_text]<\/p>\n<div class=\"row asa-title\">\n<div class=\"col-12 col-md-6\">\n<img loading=\"lazy\" decoding=\"async\" width=\"1024\" height=\"576\" src=\"https:\/\/www.gpigroup.com\/app\/uploads\/2019\/05\/asa_software.jpg\" class=\"asa-image asa-image-mobile rounded-circle d-md-none d-inline\" alt=\"GPI Software\" srcset=\"https:\/\/www.gpigroup.com\/app\/uploads\/2019\/05\/asa_software.jpg 1024w, https:\/\/www.gpigroup.com\/app\/uploads\/2019\/05\/asa_software-300x169.jpg 300w, https:\/\/www.gpigroup.com\/app\/uploads\/2019\/05\/asa_software-768x432.jpg 768w\" sizes=\"auto, (max-width: 1024px) 100vw, 1024px\" \/>\n<div class=\"gpi_signature_title_tech\">\n<h1>Gpi4Med &#8211; the Global Suite of Medical Device Software<\/h1>\n<\/div>\n<\/div>\n<\/div>\n<p>[\/vc_column_text][\/vc_column_inner][\/vc_row_inner][vc_row_inner el_class=&#8221;bl-body&#8221;][vc_column_inner width=&#8221;1\/3&#8243;][vc_column_text]<img loading=\"lazy\" decoding=\"async\" width=\"1024\" height=\"576\" src=\"https:\/\/www.gpigroup.com\/app\/uploads\/2019\/05\/asa_software.jpg\" class=\"asa-image rounded-circle d-md-inline d-none\" alt=\"GPI Software\" srcset=\"https:\/\/www.gpigroup.com\/app\/uploads\/2019\/05\/asa_software.jpg 1024w, https:\/\/www.gpigroup.com\/app\/uploads\/2019\/05\/asa_software-300x169.jpg 300w, https:\/\/www.gpigroup.com\/app\/uploads\/2019\/05\/asa_software-768x432.jpg 768w\" sizes=\"auto, (max-width: 1024px) 100vw, 1024px\" \/>[\/vc_column_text][\/vc_column_inner][vc_column_inner width=&#8221;2\/3&#8243;][vc_column_text el_class=&#8221;entice&#8221;]<\/p>\n<h2>Willkommen bei der Gpi4Med Suite: die globale Suite f\u00fcr Medizinprodukte-Software f\u00fcr alle diagnostischen Dienstleistungen, Blutmanagement, Intensivpflege und Telemedizin.<\/h2>\n<p>[\/vc_column_text][vc_column_text css=&#8221;&#8221;]<img loading=\"lazy\" decoding=\"async\" class=\"wp-image-150981 size-medium alignnone\" src=\"https:\/\/www.gpigroup.com\/app\/uploads\/2024\/05\/Logo-Gpi-Med-Suite-RGB-300x91.jpg\" alt=\"Gpi4Med SUITE\" width=\"300\" height=\"91\" srcset=\"https:\/\/www.gpigroup.com\/app\/uploads\/2024\/05\/Logo-Gpi-Med-Suite-RGB-300x91.jpg 300w, https:\/\/www.gpigroup.com\/app\/uploads\/2024\/05\/Logo-Gpi-Med-Suite-RGB-1024x312.jpg 1024w, https:\/\/www.gpigroup.com\/app\/uploads\/2024\/05\/Logo-Gpi-Med-Suite-RGB-768x234.jpg 768w, https:\/\/www.gpigroup.com\/app\/uploads\/2024\/05\/Logo-Gpi-Med-Suite-RGB-1536x468.jpg 1536w, https:\/\/www.gpigroup.com\/app\/uploads\/2024\/05\/Logo-Gpi-Med-Suite-RGB-2048x624.jpg 2048w\" sizes=\"auto, (max-width: 300px) 100vw, 300px\" \/><\/p>\n<p><strong>GPI4Med<\/strong> ist eine vielseitige, integrierte, medizinische Softwarel\u00f6sung, die von der GPI Gruppe entwickelt und betreut wird. Sie deckt eine breite Palette hochspezialisierter diagnostischer und therapeutischer Bereiche ab und bietet so umfassende Unterst\u00fctzung f\u00fcr medizinische Fachkr\u00e4fte.<\/p>\n<p>Die GPI4Med Suite wurde vom <strong>globalen Software-Netzwerk der GPI<\/strong> entwickelt, das auf \u00fcber 35 Jahre Erfahrung im Bereich Digital Health zur\u00fcckblickt. Sie ebnet den Weg f\u00fcr die digitale Transformation und eine nachhaltige Gesundheitsversorgung.<\/p>\n<p>Die branchenspezifische L\u00f6sung deckt alle diagnostischen Bereiche ab, darunter <strong>LIS<\/strong> und <strong>Digitale Pathologie,<\/strong> <strong>Radiologie<\/strong> und <strong>Klinische Bildgebung<\/strong> sowie <strong>Blut<\/strong>, <strong>SoHO\/MPHO<\/strong> und <strong>Intensivmedizin<\/strong>.<\/p>\n<p>Alle branchenspezifischen L\u00f6sungen sind mehrsprachig und in \u00fcber 70 L\u00e4ndern weltweit installiert. Durch unsere lokalen Niederlassungen, Partner und global ans\u00e4ssigen Support-Teams unterst\u00fctzen wir unsere Kunden dabei, ihre Expertise und Reife in ihren jeweiligen Branchen zu f\u00f6rdern.<\/p>\n<h4>Einzigartiger Mehrwert<\/h4>\n<p>Die GPI4Med Suite bietet eine Reihe fortschrittlicher Funktionen und stellt damit ein einzigartiges Angebot auf dem Healthcare-IT-Markt dar:<\/p>\n<ul>\n<li>UMFASSENDE Unterst\u00fctzung f\u00fcr medizinische, chirurgische, klinische und diagnostische Bereiche<\/li>\n<li>WEB- UND CLOUD-TECHNOLOGIE zur Vereinfachung von Implementierungs-, Support- und Wartungsprozessen<\/li>\n<li>INTEGRATION mit einer Vielzahl von biomedizinischen Ger\u00e4ten und Softwarel\u00f6sungen Dritter<\/li>\n<li>ZERTIFIZIERT\/FREIGEGEBEN als Software-Medizinprodukt (MDR, CE, FDA, SFDA und andere)<\/li>\n<li>ERWEITERUNG mit innovativen Funktionen und KI-basierten fortschrittlichen Algorithmen<\/li>\n<li>GEMEINSAM mit klinischen Experten entwickelt, um deren spezifischen Anforderungen gerecht zu werden<\/li>\n<\/ul>\n<h4>HIS- und EMR-Erweiterung<\/h4>\n<p>In ausgew\u00e4hlten geografischen Regionen umfasst die GPI4Med Suite eine <strong>HIS-\/EMR-L\u00f6sung<\/strong>, die die Patientenverwaltung und elektronische Patientenakte unterst\u00fctzt. Diese Komponenten erweitern die Funktionalit\u00e4t der Suite, um die vielf\u00e4ltigen Softwarel\u00f6sungen abzudecken, die in einem Krankenhaus ben\u00f6tigt werden.[\/vc_column_text][\/vc_column_inner][\/vc_row_inner][\/vc_column][\/vc_row][vc_row full_width=&#8221;stretch_row&#8221; el_class=&#8221;text-row bl-body bg-purple-to-orange&#8221;][vc_column width=&#8221;1\/3&#8243;][\/vc_column][vc_column width=&#8221;2\/3&#8243;][vc_column_text el_class=&#8221;text-on-bg-gradient-row&#8221;]<\/p>\n<h2><a href=\"https:\/\/www.gpigroup.com\/de\/gpi4med-criticalcare\/\"><img loading=\"lazy\" decoding=\"async\" class=\"wp-image-151056 size-medium alignnone\" src=\"https:\/\/www.gpigroup.com\/app\/uploads\/2024\/05\/Logo-Gpi-Med-Critical-Bianco.svg\" alt=\"\" width=\"300\" height=\"300\" \/><\/a><\/h2>\n<p>Ein Softwarepaket f\u00fcr das optimierte und sichere Management von An\u00e4sthesie, Intensivpflege und Operationss\u00e4len.<\/p>\n<p>&nbsp;<\/p>\n<h2><a href=\"https:\/\/www.gpigroup.com\/de\/gpi4med-pathology\/\"><img loading=\"lazy\" decoding=\"async\" class=\"wp-image-151020 size-medium alignnone\" src=\"https:\/\/www.gpigroup.com\/app\/uploads\/2024\/05\/Logo-Gpi-Med-Pathology-Bianco.svg\" alt=\"\" width=\"300\" height=\"300\" \/><\/a><\/h2>\n<p>Die innovative Software f\u00fcr sichere und qualitativ hochwertige Labor- und Diagnoseprozesse sowie digitale Pathologie. Sie gew\u00e4hrleistet das integrierte Management von analytischen, organisatorischen und administrativen Prozessen sowie von Bildern sowohl in Krankenh\u00e4usern als auch im gesamten Versorgungsgebiet.<\/p>\n<p>&nbsp;<\/p>\n<h2><a href=\"https:\/\/www.gpigroup.com\/en-uk\/gpi4med-blood\/\"><img loading=\"lazy\" decoding=\"async\" class=\"wp-image-151080 size-medium alignnone\" src=\"https:\/\/www.gpigroup.com\/app\/uploads\/2024\/05\/Logo-Gpi-Med-Blood-Bianco.svg\" alt=\"\" width=\"300\" height=\"300\" \/><\/a><\/h2>\n<p>Die Suite, die sich der sicheren und effizienten Verwaltung der gesamten Lieferkette widmet, von der Spende bis zur Transfusion und Transplantation von Blut und allen Substanzen menschlichen Ursprungs (SoHO): Organe, Gewebe, Muttermilch, Stammzellen.<\/p>\n<p>&nbsp;<\/p>\n<h2><a href=\"https:\/\/www.gpigroup.com\/de\/gpi4med-lis\/\"><img loading=\"lazy\" decoding=\"async\" class=\"wp-image-151008 size-medium alignnone\" src=\"https:\/\/www.gpigroup.com\/app\/uploads\/2024\/05\/Logo-Gpi-Med-LIS-Banco.svg\" alt=\"\" width=\"300\" height=\"300\" \/><\/a><\/h2>\n<p>Die innovative Software f\u00fcr sichere und qualitativ hochwertige Labor- und Diagnoseprozesse. Sie gew\u00e4hrleistet das integrierte Management von analytischen, organisatorischen und administrativen Prozessen sowohl in Krankenh\u00e4usern als auch im gesamten Versorgungsgebiet.<\/p>\n<p>&nbsp;<\/p>\n<h2><a href=\"https:\/\/www.gpigroup.com\/de\/gpi4med-imaging\/\"><img loading=\"lazy\" decoding=\"async\" class=\"wp-image-151068 size-medium alignnone\" src=\"https:\/\/www.gpigroup.com\/app\/uploads\/2024\/05\/Logo-Gpi-Med-Imaging-Bianco.svg\" alt=\"\" width=\"300\" height=\"300\" \/><\/a><\/h2>\n<p>Das klinische Bildgebungssystem f\u00fcr das Management aller Arten von Krankenhausbildern, einschlie\u00dflich der Patientenberichterstattung.<\/p>\n<p>&nbsp;<\/p>\n<h2><a href=\"https:\/\/www.gpigroup.com\/de\/gpi4med-telemed\/\"><img loading=\"lazy\" decoding=\"async\" class=\"wp-image-151044 size-medium alignnone\" src=\"https:\/\/www.gpigroup.com\/app\/uploads\/2024\/05\/Logo-Gpi-Med-Telemed-Banco.svg\" alt=\"\" width=\"300\" height=\"300\" \/><\/a><\/h2>\n<p>Gpi4Med.TELEMED besteht aus Software- und Hardwareprodukten f\u00fcr Telemedizin, Telemonitoring und Teleassistenz, einschlie\u00dflich der Fern\u00fcberwachung von Vitalzeichen.[\/vc_column_text][\/vc_column][\/vc_row]<\/p>\n[vc_row full_width=\"stretch_row\" el_class=\"vision mb-0 gpi-orange-bg\"][vc_column offset=\"vc_col-lg-3 vc_col-xs-12\"][vc_column_text]\n<h4>Contact our sales team<\/h4>[\/vc_column_text][\/vc_column][vc_column width=\"3\/4\" offset=\"vc_col-lg-offset-0 vc_col-sm-offset-3 vc_col-xs-12\"][vc_raw_html]JTVCY29udGFjdC1mb3JtLTclMjBpZCUzRCUyMjg1NDcxJTIyJTIwdGl0bGUlM0QlMjJCdXNpbmVzcyUyMGxpbmUlMjBmb3JtJTIyJTIwaHRtbF9pZCUzRCUyMmdwaS1jb250YWN0LWZvcm0lMjIlNUQ=[\/vc_raw_html][\/vc_column][\/vc_row]<\/div>","protected":false},"excerpt":{"rendered":"<p>[vc_row full_width=&#8221;stretch_row&#8221; css=&#8221;.vc_custom_1553766882955{padding-bottom: 30px !important;}&#8221; el_class=&#8221;text-row my-0&#8243;][vc_column][vc_row_inner][vc_column_inner][vc_column_text] Gpi4Med &#8211; the Global Suite of Medical Device Software [\/vc_column_text][\/vc_column_inner][\/vc_row_inner][vc_row_inner el_class=&#8221;bl-body&#8221;][vc_column_inner width=&#8221;1\/3&#8243;][vc_column_text][\/vc_column_text][\/vc_column_inner][vc_column_inner width=&#8221;2\/3&#8243;][vc_column_text el_class=&#8221;entice&#8221;] Willkommen bei der Gpi4Med Suite: die globale Suite f\u00fcr Medizinprodukte-Software f\u00fcr alle diagnostischen Dienstleistungen, Blutmanagement, Intensivpflege und Telemedizin. [\/vc_column_text][vc_column_text css=&#8221;&#8221;] GPI4Med ist eine vielseitige, integrierte, medizinische Softwarel\u00f6sung, die von der GPI Gruppe entwickelt und<\/p>\n","protected":false},"author":7,"featured_media":68628,"parent":0,"menu_order":0,"comment_status":"closed","ping_status":"closed","template":"","meta":{"footnotes":""},"class_list":["post-151143","page","type-page","status-publish","has-post-thumbnail","hentry","client_type-gesundheitswesen","client_type-private-gesundheitsversorgung","page_category-angebot","section-offerta","business_line-software"],"yoast_head":"<!-- This site is optimized with the Yoast SEO plugin v27.1.1 - https:\/\/yoast.com\/product\/yoast-seo-wordpress\/ -->\n<title>Gpi4Med Suite | GPI<\/title>\n<meta name=\"description\" content=\"Gpi4Med Suite: die globale Suite f\u00fcr Medizinprodukte-Software f\u00fcr alle diagnostischen Dienstleistungen, Blutmanagement, Intensivpflege und Telemedizin.\" \/>\n<meta name=\"robots\" content=\"index, follow, max-snippet:-1, max-image-preview:large, max-video-preview:-1\" \/>\n<link rel=\"canonical\" href=\"https:\/\/www.gpigroup.com\/de\/gpi4med-medical-software-suite\/\" \/>\n<meta property=\"og:locale\" content=\"de_DE\" \/>\n<meta property=\"og:type\" content=\"article\" \/>\n<meta property=\"og:title\" content=\"Gpi4Med Suite | GPI\" \/>\n<meta property=\"og:description\" content=\"Gpi4Med Suite: die globale Suite f\u00fcr Medizinprodukte-Software f\u00fcr alle diagnostischen Dienstleistungen, Blutmanagement, Intensivpflege und Telemedizin.\" \/>\n<meta property=\"og:url\" content=\"https:\/\/www.gpigroup.com\/de\/gpi4med-medical-software-suite\/\" \/>\n<meta property=\"og:site_name\" content=\"GPI\" \/>\n<meta property=\"article:publisher\" content=\"https:\/\/www.facebook.com\/GruppoGPI\/\" \/>\n<meta property=\"article:modified_time\" content=\"2024-10-24T16:12:50+00:00\" \/>\n<meta property=\"og:image\" content=\"https:\/\/www.gpigroup.com\/app\/uploads\/2019\/04\/og-link-preview-1.png\" \/>\n\t<meta property=\"og:image:width\" content=\"1366\" \/>\n\t<meta property=\"og:image:height\" content=\"768\" \/>\n\t<meta property=\"og:image:type\" content=\"image\/png\" \/>\n<meta name=\"twitter:card\" content=\"summary_large_image\" \/>\n<meta name=\"twitter:label1\" content=\"Est. reading time\" \/>\n\t<meta name=\"twitter:data1\" content=\"4 minutes\" \/>\n<script type=\"application\/ld+json\" class=\"yoast-schema-graph\">{\"@context\":\"https:\/\/schema.org\",\"@graph\":[{\"@type\":\"WebPage\",\"@id\":\"https:\/\/www.gpigroup.com\/de\/gpi4med-medical-software-suite\/\",\"url\":\"https:\/\/www.gpigroup.com\/de\/gpi4med-medical-software-suite\/\",\"name\":\"Gpi4Med Suite | GPI\",\"isPartOf\":{\"@id\":\"https:\/\/www.gpigroup.com\/de\/#website\"},\"primaryImageOfPage\":{\"@id\":\"https:\/\/www.gpigroup.com\/de\/gpi4med-medical-software-suite\/#primaryimage\"},\"image\":{\"@id\":\"https:\/\/www.gpigroup.com\/de\/gpi4med-medical-software-suite\/#primaryimage\"},\"thumbnailUrl\":\"https:\/\/www.gpigroup.com\/app\/uploads\/2019\/04\/og-link-preview-1.png\",\"datePublished\":\"2024-05-28T14:04:42+00:00\",\"dateModified\":\"2024-10-24T16:12:50+00:00\",\"description\":\"Gpi4Med Suite: die globale Suite f\u00fcr Medizinprodukte-Software f\u00fcr alle diagnostischen Dienstleistungen, Blutmanagement, Intensivpflege und Telemedizin.\",\"breadcrumb\":{\"@id\":\"https:\/\/www.gpigroup.com\/de\/gpi4med-medical-software-suite\/#breadcrumb\"},\"inLanguage\":\"de-DE\",\"potentialAction\":[{\"@type\":\"ReadAction\",\"target\":[\"https:\/\/www.gpigroup.com\/de\/gpi4med-medical-software-suite\/\"]}]},{\"@type\":\"ImageObject\",\"inLanguage\":\"de-DE\",\"@id\":\"https:\/\/www.gpigroup.com\/de\/gpi4med-medical-software-suite\/#primaryimage\",\"url\":\"https:\/\/www.gpigroup.com\/app\/uploads\/2019\/04\/og-link-preview-1.png\",\"contentUrl\":\"https:\/\/www.gpigroup.com\/app\/uploads\/2019\/04\/og-link-preview-1.png\",\"width\":1366,\"height\":768},{\"@type\":\"BreadcrumbList\",\"@id\":\"https:\/\/www.gpigroup.com\/de\/gpi4med-medical-software-suite\/#breadcrumb\",\"itemListElement\":[{\"@type\":\"ListItem\",\"position\":1,\"name\":\"Home\",\"item\":\"https:\/\/www.gpigroup.com\/de\/\"},{\"@type\":\"ListItem\",\"position\":2,\"name\":\"Gpi4Med Suite\"}]},{\"@type\":\"WebSite\",\"@id\":\"https:\/\/www.gpigroup.com\/de\/#website\",\"url\":\"https:\/\/www.gpigroup.com\/de\/\",\"name\":\"GPI\",\"description\":\"The Healthcare Partner\",\"publisher\":{\"@id\":\"https:\/\/www.gpigroup.com\/de\/#organization\"},\"potentialAction\":[{\"@type\":\"SearchAction\",\"target\":{\"@type\":\"EntryPoint\",\"urlTemplate\":\"https:\/\/www.gpigroup.com\/de\/?s={search_term_string}\"},\"query-input\":{\"@type\":\"PropertyValueSpecification\",\"valueRequired\":true,\"valueName\":\"search_term_string\"}}],\"inLanguage\":\"de-DE\"},{\"@type\":\"Organization\",\"@id\":\"https:\/\/www.gpigroup.com\/de\/#organization\",\"name\":\"GPI S.p.A.\",\"url\":\"https:\/\/www.gpigroup.com\/de\/\",\"logo\":{\"@type\":\"ImageObject\",\"inLanguage\":\"de-DE\",\"@id\":\"https:\/\/www.gpigroup.com\/de\/#\/schema\/logo\/image\/\",\"url\":\"https:\/\/www.gpigroup.com\/app\/uploads\/2023\/03\/logo-GPI-2019-1.jpg\",\"contentUrl\":\"https:\/\/www.gpigroup.com\/app\/uploads\/2023\/03\/logo-GPI-2019-1.jpg\",\"width\":1946,\"height\":1945,\"caption\":\"GPI S.p.A.\"},\"image\":{\"@id\":\"https:\/\/www.gpigroup.com\/de\/#\/schema\/logo\/image\/\"},\"sameAs\":[\"https:\/\/www.facebook.com\/GruppoGPI\/\",\"https:\/\/www.linkedin.com\/company\/gpi-spa\",\"http:\/\/www.youtube.com\/user\/GruppoGPI\"]}]}<\/script>\n<!-- \/ Yoast SEO plugin. -->","yoast_head_json":{"title":"Gpi4Med Suite | GPI","description":"Gpi4Med Suite: die globale Suite f\u00fcr Medizinprodukte-Software f\u00fcr alle diagnostischen Dienstleistungen, Blutmanagement, Intensivpflege und Telemedizin.","robots":{"index":"index","follow":"follow","max-snippet":"max-snippet:-1","max-image-preview":"max-image-preview:large","max-video-preview":"max-video-preview:-1"},"canonical":"https:\/\/www.gpigroup.com\/de\/gpi4med-medical-software-suite\/","og_locale":"de_DE","og_type":"article","og_title":"Gpi4Med Suite | GPI","og_description":"Gpi4Med Suite: die globale Suite f\u00fcr Medizinprodukte-Software f\u00fcr alle diagnostischen Dienstleistungen, Blutmanagement, Intensivpflege und Telemedizin.","og_url":"https:\/\/www.gpigroup.com\/de\/gpi4med-medical-software-suite\/","og_site_name":"GPI","article_publisher":"https:\/\/www.facebook.com\/GruppoGPI\/","article_modified_time":"2024-10-24T16:12:50+00:00","og_image":[{"width":1366,"height":768,"url":"https:\/\/www.gpigroup.com\/app\/uploads\/2019\/04\/og-link-preview-1.png","type":"image\/png"}],"twitter_card":"summary_large_image","twitter_misc":{"Est. reading time":"4 minutes"},"schema":{"@context":"https:\/\/schema.org","@graph":[{"@type":"WebPage","@id":"https:\/\/www.gpigroup.com\/de\/gpi4med-medical-software-suite\/","url":"https:\/\/www.gpigroup.com\/de\/gpi4med-medical-software-suite\/","name":"Gpi4Med Suite | GPI","isPartOf":{"@id":"https:\/\/www.gpigroup.com\/de\/#website"},"primaryImageOfPage":{"@id":"https:\/\/www.gpigroup.com\/de\/gpi4med-medical-software-suite\/#primaryimage"},"image":{"@id":"https:\/\/www.gpigroup.com\/de\/gpi4med-medical-software-suite\/#primaryimage"},"thumbnailUrl":"https:\/\/www.gpigroup.com\/app\/uploads\/2019\/04\/og-link-preview-1.png","datePublished":"2024-05-28T14:04:42+00:00","dateModified":"2024-10-24T16:12:50+00:00","description":"Gpi4Med Suite: die globale Suite f\u00fcr Medizinprodukte-Software f\u00fcr alle diagnostischen Dienstleistungen, Blutmanagement, Intensivpflege und Telemedizin.","breadcrumb":{"@id":"https:\/\/www.gpigroup.com\/de\/gpi4med-medical-software-suite\/#breadcrumb"},"inLanguage":"de-DE","potentialAction":[{"@type":"ReadAction","target":["https:\/\/www.gpigroup.com\/de\/gpi4med-medical-software-suite\/"]}]},{"@type":"ImageObject","inLanguage":"de-DE","@id":"https:\/\/www.gpigroup.com\/de\/gpi4med-medical-software-suite\/#primaryimage","url":"https:\/\/www.gpigroup.com\/app\/uploads\/2019\/04\/og-link-preview-1.png","contentUrl":"https:\/\/www.gpigroup.com\/app\/uploads\/2019\/04\/og-link-preview-1.png","width":1366,"height":768},{"@type":"BreadcrumbList","@id":"https:\/\/www.gpigroup.com\/de\/gpi4med-medical-software-suite\/#breadcrumb","itemListElement":[{"@type":"ListItem","position":1,"name":"Home","item":"https:\/\/www.gpigroup.com\/de\/"},{"@type":"ListItem","position":2,"name":"Gpi4Med Suite"}]},{"@type":"WebSite","@id":"https:\/\/www.gpigroup.com\/de\/#website","url":"https:\/\/www.gpigroup.com\/de\/","name":"GPI","description":"The Healthcare Partner","publisher":{"@id":"https:\/\/www.gpigroup.com\/de\/#organization"},"potentialAction":[{"@type":"SearchAction","target":{"@type":"EntryPoint","urlTemplate":"https:\/\/www.gpigroup.com\/de\/?s={search_term_string}"},"query-input":{"@type":"PropertyValueSpecification","valueRequired":true,"valueName":"search_term_string"}}],"inLanguage":"de-DE"},{"@type":"Organization","@id":"https:\/\/www.gpigroup.com\/de\/#organization","name":"GPI S.p.A.","url":"https:\/\/www.gpigroup.com\/de\/","logo":{"@type":"ImageObject","inLanguage":"de-DE","@id":"https:\/\/www.gpigroup.com\/de\/#\/schema\/logo\/image\/","url":"https:\/\/www.gpigroup.com\/app\/uploads\/2023\/03\/logo-GPI-2019-1.jpg","contentUrl":"https:\/\/www.gpigroup.com\/app\/uploads\/2023\/03\/logo-GPI-2019-1.jpg","width":1946,"height":1945,"caption":"GPI S.p.A."},"image":{"@id":"https:\/\/www.gpigroup.com\/de\/#\/schema\/logo\/image\/"},"sameAs":["https:\/\/www.facebook.com\/GruppoGPI\/","https:\/\/www.linkedin.com\/company\/gpi-spa","http:\/\/www.youtube.com\/user\/GruppoGPI"]}]}},"_links":{"self":[{"href":"https:\/\/www.gpigroup.com\/de\/wp-json\/wp\/v2\/pages\/151143","targetHints":{"allow":["GET"]}}],"collection":[{"href":"https:\/\/www.gpigroup.com\/de\/wp-json\/wp\/v2\/pages"}],"about":[{"href":"https:\/\/www.gpigroup.com\/de\/wp-json\/wp\/v2\/types\/page"}],"author":[{"embeddable":true,"href":"https:\/\/www.gpigroup.com\/de\/wp-json\/wp\/v2\/users\/7"}],"replies":[{"embeddable":true,"href":"https:\/\/www.gpigroup.com\/de\/wp-json\/wp\/v2\/comments?post=151143"}],"version-history":[{"count":5,"href":"https:\/\/www.gpigroup.com\/de\/wp-json\/wp\/v2\/pages\/151143\/revisions"}],"predecessor-version":[{"id":157577,"href":"https:\/\/www.gpigroup.com\/de\/wp-json\/wp\/v2\/pages\/151143\/revisions\/157577"}],"wp:featuredmedia":[{"embeddable":true,"href":"https:\/\/www.gpigroup.com\/de\/wp-json\/wp\/v2\/media\/68628"}],"wp:attachment":[{"href":"https:\/\/www.gpigroup.com\/de\/wp-json\/wp\/v2\/media?parent=151143"}],"curies":[{"name":"wp","href":"https:\/\/api.w.org\/{rel}","templated":true}]}}