{"id":150206,"date":"2024-05-20T21:39:36","date_gmt":"2024-05-20T19:39:36","guid":{"rendered":"https:\/\/www.gpigroup.com\/gpi4med-blood\/"},"modified":"2024-10-24T10:33:34","modified_gmt":"2024-10-24T08:33:34","slug":"gpi4med-blood","status":"publish","type":"page","link":"https:\/\/www.gpigroup.com\/de\/gpi4med-blood\/","title":{"rendered":"OLD_Gpi4Med.BLOOD"},"content":{"rendered":"<div class=\"wpb-content-wrapper\"><p>[vc_row full_width=&#8221;stretch_row&#8221; el_class=&#8221;text-row my-0&#8243;][vc_column][vc_row_inner][vc_column_inner][vc_column_text]<\/p>\n<div class=\"row asa-title\">\n<div class=\"col-12 col-md-6\">\n<img loading=\"lazy\" decoding=\"async\" width=\"1024\" height=\"576\" src=\"https:\/\/www.gpigroup.com\/app\/uploads\/2019\/05\/asa_software.jpg\" class=\"asa-image asa-image-mobile rounded-circle d-md-none d-inline\" alt=\"GPI Software\" srcset=\"https:\/\/www.gpigroup.com\/app\/uploads\/2019\/05\/asa_software.jpg 1024w, https:\/\/www.gpigroup.com\/app\/uploads\/2019\/05\/asa_software-300x169.jpg 300w, https:\/\/www.gpigroup.com\/app\/uploads\/2019\/05\/asa_software-768x432.jpg 768w\" sizes=\"auto, (max-width: 1024px) 100vw, 1024px\" \/>\n<div class=\"gpi_signature_title_tech\">\n<h1>Gpi4Med.BLOOD<\/h1>\n<\/div>\n<\/div>\n<div class=\"col-12 col-md-6\">\n<div class=\"asa-symbol\"><img loading=\"lazy\" decoding=\"async\" class=\"alignnone size-medium wp-image-3055\" role=\"img\" src=\"https:\/\/www.gpigroup.com\/app\/uploads\/\/2019\/03\/Software-1.svg\" alt=\"\" width=\"24\" height=\"24\" \/>\u00a0SOFTWARE<\/div>\n<\/div>\n<\/div>\n<p>[\/vc_column_text][\/vc_column_inner][\/vc_row_inner][vc_row_inner el_class=&#8221;bl-body&#8221;][vc_column_inner width=&#8221;1\/3&#8243;][vc_column_text]<img loading=\"lazy\" decoding=\"async\" width=\"1024\" height=\"576\" src=\"https:\/\/www.gpigroup.com\/app\/uploads\/2019\/05\/asa_software.jpg\" class=\"asa-image rounded-circle d-md-inline d-none\" alt=\"GPI Software\" srcset=\"https:\/\/www.gpigroup.com\/app\/uploads\/2019\/05\/asa_software.jpg 1024w, https:\/\/www.gpigroup.com\/app\/uploads\/2019\/05\/asa_software-300x169.jpg 300w, https:\/\/www.gpigroup.com\/app\/uploads\/2019\/05\/asa_software-768x432.jpg 768w\" sizes=\"auto, (max-width: 1024px) 100vw, 1024px\" \/>[\/vc_column_text][\/vc_column_inner][vc_column_inner width=&#8221;2\/3&#8243;][vc_column_text el_class=&#8221;entice&#8221;]<\/p>\n<h2>Gpi4Med.BLOOD ist die Suite, die der sicheren und effizienten Verwaltung der gesamten Lieferkette gewidmet ist, von der Spende bis zur Transfusion und Transplantation von Blut und allen Substanzen menschlichen Ursprungs (SoHO): Organe, Gewebe, Muttermilch, Stammzellen.<\/h2>\n<p>[\/vc_column_text][\/vc_column_inner][\/vc_row_inner][vc_row_inner][vc_column_inner width=&#8221;1\/3&#8243;][\/vc_column_inner][vc_column_inner width=&#8221;2\/3&#8243;][vc_column_text]<strong>Gpi4Med.BLOOD<\/strong> umfasst zus\u00e4tzliche Module, die alle vollst\u00e4ndig integriert sind, f\u00fcr das Spenderbeziehungsmanagement, Bestandsmanagement, Qualit\u00e4tsmanagement, Instrumentenintegration und -kontrolle sowie Business Intelligence.<\/p>\n<p><a href=\"http:\/\/blood.gpi4med.com\">Erfahren Sie mehr<\/a><\/p>\n<p><strong>Gpi4Med.BLOOD<\/strong> ist eine vertikale Produktlinie der Gpi4Med Suite, der Software-Suite f\u00fcr medizinische Ger\u00e4te f\u00fcr alle diagnostischen Dienstleistungen, Blutmanagement, Intensivpflege und Telemedizin, die die besten Funktionalit\u00e4ten und Technologien im Rahmen der digitalen Gesundheit gew\u00e4hrleistet.<\/p>\n<h3>WEB &amp; CLOUD<\/h3>\n<p>Alle L\u00f6sungen sind webbasiert und cloudf\u00e4hig, was Folgendes erm\u00f6glicht:<\/p>\n<ul>\n<li>hohe Skalierbarkeit<\/li>\n<li>Cybersicherheit<\/li>\n<li>Gesch\u00e4ftskontinuit\u00e4t<\/li>\n<li>Benutzerfreundlichkeit<\/li>\n<li>Offenheit und Interoperabilit\u00e4t<\/li>\n<\/ul>\n<h3>GLOBALER ANSATZ UND EXPERTISE IN DIGITALER GESUNDHEIT<br \/>\n<\/h3>\n<p>Alle L\u00f6sungen sind mehrsprachig und in mehr als 70 L\u00e4ndern weltweit installiert. Dies hat es uns erm\u00f6glicht, unseren Kunden globale Expertise und Reife sowie N\u00e4he durch unsere lokalen Partner und Support-Teams auf der ganzen Welt zu gew\u00e4hrleisten.<\/p>\n<h3>MD-ZERTIFIZIERUNG &#038; INTEGRATION<br \/>\n<\/h3>\n<p>Neben der MD-Zulassung k\u00f6nnen alle L\u00f6sungen der Gpi4Med Suite mit jedem Typ von medizinischem Ger\u00e4t integriert werden. Unsere zertifizierten Prozesse und Produkte, einschlie\u00dflich zertifizierter Softwarefabriken, garantieren eine hohe Zuverl\u00e4ssigkeit, insbesondere in Bezug auf die Minimierung klinischer Risiken.<\/p>\n<h3>MD-ZERTIFIZIERUNG &#038; INTEGRATION<\/h3>\n<p>Die Gpi4Med Suite basiert auf Spitzentechnologie und integrierten KI-Funktionen f\u00fcr fortschrittliche 3D-Bildverarbeitung, Bildanalyse und diagnostische Unterst\u00fctzung, Vorhersage und Bev\u00f6lkerungsmanagement.[\/vc_column_text][\/vc_column_inner][\/vc_row_inner][\/vc_column][\/vc_row]<\/p>\n[vc_row full_width=\"stretch_row\" el_class=\"vision mb-0 gpi-orange-bg\"][vc_column offset=\"vc_col-lg-3 vc_col-xs-12\"][vc_column_text]\n<h4>Contact our sales team<\/h4>[\/vc_column_text][\/vc_column][vc_column width=\"3\/4\" offset=\"vc_col-lg-offset-0 vc_col-sm-offset-3 vc_col-xs-12\"][vc_raw_html]JTVCY29udGFjdC1mb3JtLTclMjBpZCUzRCUyMjg1NDcxJTIyJTIwdGl0bGUlM0QlMjJCdXNpbmVzcyUyMGxpbmUlMjBmb3JtJTIyJTIwaHRtbF9pZCUzRCUyMmdwaS1jb250YWN0LWZvcm0lMjIlNUQ=[\/vc_raw_html][\/vc_column][\/vc_row]<\/div>","protected":false},"excerpt":{"rendered":"<p>[vc_row full_width=&#8221;stretch_row&#8221; el_class=&#8221;text-row my-0&#8243;][vc_column][vc_row_inner][vc_column_inner][vc_column_text] Gpi4Med.BLOOD \u00a0SOFTWARE [\/vc_column_text][\/vc_column_inner][\/vc_row_inner][vc_row_inner el_class=&#8221;bl-body&#8221;][vc_column_inner width=&#8221;1\/3&#8243;][vc_column_text][\/vc_column_text][\/vc_column_inner][vc_column_inner width=&#8221;2\/3&#8243;][vc_column_text el_class=&#8221;entice&#8221;] Gpi4Med.BLOOD ist die Suite, die der sicheren und effizienten Verwaltung der gesamten Lieferkette gewidmet ist, von der Spende bis zur Transfusion und Transplantation von Blut und allen Substanzen menschlichen Ursprungs (SoHO): Organe, Gewebe, Muttermilch, Stammzellen. [\/vc_column_text][\/vc_column_inner][\/vc_row_inner][vc_row_inner][vc_column_inner width=&#8221;1\/3&#8243;][\/vc_column_inner][vc_column_inner width=&#8221;2\/3&#8243;][vc_column_text]Gpi4Med.BLOOD umfasst zus\u00e4tzliche Module, die alle vollst\u00e4ndig<\/p>\n","protected":false},"author":7,"featured_media":5153,"parent":0,"menu_order":0,"comment_status":"closed","ping_status":"closed","template":"","meta":{"footnotes":""},"class_list":["post-150206","page","type-page","status-publish","has-post-thumbnail","hentry","section-offerta","business_line-software"],"yoast_head":"<!-- This site is optimized with the Yoast SEO plugin v27.1.1 - https:\/\/yoast.com\/product\/yoast-seo-wordpress\/ -->\n<title>Gpi4Med.BLOOD<\/title>\n<meta name=\"description\" content=\"Gpi4Med.BLOOD ist die Suite, die der sicheren und effizienten Verwaltung der gesamten Lieferkette gewidmet ist, von der Spende bis zur Transfusion und Transplantation von Blut und allen Substanzen menschlichen Ursprungs (SoHO): Organe, Gewebe, Muttermilch, Stammzellen.\" \/>\n<meta name=\"robots\" content=\"index, follow, max-snippet:-1, max-image-preview:large, max-video-preview:-1\" \/>\n<link rel=\"canonical\" href=\"https:\/\/www.gpigroup.com\/de\/gpi4med-blood\/\" \/>\n<meta property=\"og:locale\" content=\"de_DE\" \/>\n<meta property=\"og:type\" content=\"article\" \/>\n<meta property=\"og:title\" content=\"Gpi4Med.BLOOD\" \/>\n<meta property=\"og:description\" content=\"Gpi4Med.BLOOD ist die Suite, die der sicheren und effizienten Verwaltung der gesamten Lieferkette gewidmet ist, von der Spende bis zur Transfusion und Transplantation von Blut und allen Substanzen menschlichen Ursprungs (SoHO): Organe, Gewebe, Muttermilch, Stammzellen.\" \/>\n<meta property=\"og:url\" content=\"https:\/\/www.gpigroup.com\/de\/gpi4med-blood\/\" \/>\n<meta property=\"og:site_name\" content=\"GPI\" \/>\n<meta property=\"article:publisher\" content=\"https:\/\/www.facebook.com\/GruppoGPI\/\" \/>\n<meta property=\"article:modified_time\" content=\"2024-10-24T08:33:34+00:00\" \/>\n<meta property=\"og:image\" content=\"https:\/\/www.gpigroup.com\/app\/uploads\/2019\/04\/og-link-preview-1.png\" \/>\n\t<meta property=\"og:image:width\" content=\"1366\" \/>\n\t<meta property=\"og:image:height\" content=\"768\" \/>\n\t<meta property=\"og:image:type\" content=\"image\/png\" \/>\n<meta name=\"twitter:card\" content=\"summary_large_image\" \/>\n<meta name=\"twitter:label1\" content=\"Est. reading time\" \/>\n\t<meta name=\"twitter:data1\" content=\"2 minutes\" \/>\n<script type=\"application\/ld+json\" class=\"yoast-schema-graph\">{\"@context\":\"https:\/\/schema.org\",\"@graph\":[{\"@type\":\"WebPage\",\"@id\":\"https:\/\/www.gpigroup.com\/de\/gpi4med-blood\/\",\"url\":\"https:\/\/www.gpigroup.com\/de\/gpi4med-blood\/\",\"name\":\"Gpi4Med.BLOOD\",\"isPartOf\":{\"@id\":\"https:\/\/www.gpigroup.com\/de\/#website\"},\"primaryImageOfPage\":{\"@id\":\"https:\/\/www.gpigroup.com\/de\/gpi4med-blood\/#primaryimage\"},\"image\":{\"@id\":\"https:\/\/www.gpigroup.com\/de\/gpi4med-blood\/#primaryimage\"},\"thumbnailUrl\":\"https:\/\/www.gpigroup.com\/app\/uploads\/2019\/04\/og-link-preview-1.png\",\"datePublished\":\"2024-05-20T19:39:36+00:00\",\"dateModified\":\"2024-10-24T08:33:34+00:00\",\"description\":\"Gpi4Med.BLOOD ist die Suite, die der sicheren und effizienten Verwaltung der gesamten Lieferkette gewidmet ist, von der Spende bis zur Transfusion und Transplantation von Blut und allen Substanzen menschlichen Ursprungs (SoHO): Organe, Gewebe, Muttermilch, Stammzellen.\",\"breadcrumb\":{\"@id\":\"https:\/\/www.gpigroup.com\/de\/gpi4med-blood\/#breadcrumb\"},\"inLanguage\":\"de-DE\",\"potentialAction\":[{\"@type\":\"ReadAction\",\"target\":[\"https:\/\/www.gpigroup.com\/de\/gpi4med-blood\/\"]}]},{\"@type\":\"ImageObject\",\"inLanguage\":\"de-DE\",\"@id\":\"https:\/\/www.gpigroup.com\/de\/gpi4med-blood\/#primaryimage\",\"url\":\"https:\/\/www.gpigroup.com\/app\/uploads\/2019\/04\/og-link-preview-1.png\",\"contentUrl\":\"https:\/\/www.gpigroup.com\/app\/uploads\/2019\/04\/og-link-preview-1.png\",\"width\":1366,\"height\":768,\"caption\":\"GPI link preview\"},{\"@type\":\"BreadcrumbList\",\"@id\":\"https:\/\/www.gpigroup.com\/de\/gpi4med-blood\/#breadcrumb\",\"itemListElement\":[{\"@type\":\"ListItem\",\"position\":1,\"name\":\"Home\",\"item\":\"https:\/\/www.gpigroup.com\/de\/\"},{\"@type\":\"ListItem\",\"position\":2,\"name\":\"OLD_Gpi4Med.BLOOD\"}]},{\"@type\":\"WebSite\",\"@id\":\"https:\/\/www.gpigroup.com\/de\/#website\",\"url\":\"https:\/\/www.gpigroup.com\/de\/\",\"name\":\"GPI\",\"description\":\"The Healthcare Partner\",\"publisher\":{\"@id\":\"https:\/\/www.gpigroup.com\/de\/#organization\"},\"potentialAction\":[{\"@type\":\"SearchAction\",\"target\":{\"@type\":\"EntryPoint\",\"urlTemplate\":\"https:\/\/www.gpigroup.com\/de\/?s={search_term_string}\"},\"query-input\":{\"@type\":\"PropertyValueSpecification\",\"valueRequired\":true,\"valueName\":\"search_term_string\"}}],\"inLanguage\":\"de-DE\"},{\"@type\":\"Organization\",\"@id\":\"https:\/\/www.gpigroup.com\/de\/#organization\",\"name\":\"GPI S.p.A.\",\"url\":\"https:\/\/www.gpigroup.com\/de\/\",\"logo\":{\"@type\":\"ImageObject\",\"inLanguage\":\"de-DE\",\"@id\":\"https:\/\/www.gpigroup.com\/de\/#\/schema\/logo\/image\/\",\"url\":\"https:\/\/www.gpigroup.com\/app\/uploads\/2023\/03\/logo-GPI-2019-1.jpg\",\"contentUrl\":\"https:\/\/www.gpigroup.com\/app\/uploads\/2023\/03\/logo-GPI-2019-1.jpg\",\"width\":1946,\"height\":1945,\"caption\":\"GPI S.p.A.\"},\"image\":{\"@id\":\"https:\/\/www.gpigroup.com\/de\/#\/schema\/logo\/image\/\"},\"sameAs\":[\"https:\/\/www.facebook.com\/GruppoGPI\/\",\"https:\/\/www.linkedin.com\/company\/gpi-spa\",\"http:\/\/www.youtube.com\/user\/GruppoGPI\"]}]}<\/script>\n<!-- \/ Yoast SEO plugin. -->","yoast_head_json":{"title":"Gpi4Med.BLOOD","description":"Gpi4Med.BLOOD ist die Suite, die der sicheren und effizienten Verwaltung der gesamten Lieferkette gewidmet ist, von der Spende bis zur Transfusion und Transplantation von Blut und allen Substanzen menschlichen Ursprungs (SoHO): Organe, Gewebe, Muttermilch, Stammzellen.","robots":{"index":"index","follow":"follow","max-snippet":"max-snippet:-1","max-image-preview":"max-image-preview:large","max-video-preview":"max-video-preview:-1"},"canonical":"https:\/\/www.gpigroup.com\/de\/gpi4med-blood\/","og_locale":"de_DE","og_type":"article","og_title":"Gpi4Med.BLOOD","og_description":"Gpi4Med.BLOOD ist die Suite, die der sicheren und effizienten Verwaltung der gesamten Lieferkette gewidmet ist, von der Spende bis zur Transfusion und Transplantation von Blut und allen Substanzen menschlichen Ursprungs (SoHO): Organe, Gewebe, Muttermilch, Stammzellen.","og_url":"https:\/\/www.gpigroup.com\/de\/gpi4med-blood\/","og_site_name":"GPI","article_publisher":"https:\/\/www.facebook.com\/GruppoGPI\/","article_modified_time":"2024-10-24T08:33:34+00:00","og_image":[{"width":1366,"height":768,"url":"https:\/\/www.gpigroup.com\/app\/uploads\/2019\/04\/og-link-preview-1.png","type":"image\/png"}],"twitter_card":"summary_large_image","twitter_misc":{"Est. reading time":"2 minutes"},"schema":{"@context":"https:\/\/schema.org","@graph":[{"@type":"WebPage","@id":"https:\/\/www.gpigroup.com\/de\/gpi4med-blood\/","url":"https:\/\/www.gpigroup.com\/de\/gpi4med-blood\/","name":"Gpi4Med.BLOOD","isPartOf":{"@id":"https:\/\/www.gpigroup.com\/de\/#website"},"primaryImageOfPage":{"@id":"https:\/\/www.gpigroup.com\/de\/gpi4med-blood\/#primaryimage"},"image":{"@id":"https:\/\/www.gpigroup.com\/de\/gpi4med-blood\/#primaryimage"},"thumbnailUrl":"https:\/\/www.gpigroup.com\/app\/uploads\/2019\/04\/og-link-preview-1.png","datePublished":"2024-05-20T19:39:36+00:00","dateModified":"2024-10-24T08:33:34+00:00","description":"Gpi4Med.BLOOD ist die Suite, die der sicheren und effizienten Verwaltung der gesamten Lieferkette gewidmet ist, von der Spende bis zur Transfusion und Transplantation von Blut und allen Substanzen menschlichen Ursprungs (SoHO): Organe, Gewebe, Muttermilch, Stammzellen.","breadcrumb":{"@id":"https:\/\/www.gpigroup.com\/de\/gpi4med-blood\/#breadcrumb"},"inLanguage":"de-DE","potentialAction":[{"@type":"ReadAction","target":["https:\/\/www.gpigroup.com\/de\/gpi4med-blood\/"]}]},{"@type":"ImageObject","inLanguage":"de-DE","@id":"https:\/\/www.gpigroup.com\/de\/gpi4med-blood\/#primaryimage","url":"https:\/\/www.gpigroup.com\/app\/uploads\/2019\/04\/og-link-preview-1.png","contentUrl":"https:\/\/www.gpigroup.com\/app\/uploads\/2019\/04\/og-link-preview-1.png","width":1366,"height":768,"caption":"GPI link preview"},{"@type":"BreadcrumbList","@id":"https:\/\/www.gpigroup.com\/de\/gpi4med-blood\/#breadcrumb","itemListElement":[{"@type":"ListItem","position":1,"name":"Home","item":"https:\/\/www.gpigroup.com\/de\/"},{"@type":"ListItem","position":2,"name":"OLD_Gpi4Med.BLOOD"}]},{"@type":"WebSite","@id":"https:\/\/www.gpigroup.com\/de\/#website","url":"https:\/\/www.gpigroup.com\/de\/","name":"GPI","description":"The Healthcare Partner","publisher":{"@id":"https:\/\/www.gpigroup.com\/de\/#organization"},"potentialAction":[{"@type":"SearchAction","target":{"@type":"EntryPoint","urlTemplate":"https:\/\/www.gpigroup.com\/de\/?s={search_term_string}"},"query-input":{"@type":"PropertyValueSpecification","valueRequired":true,"valueName":"search_term_string"}}],"inLanguage":"de-DE"},{"@type":"Organization","@id":"https:\/\/www.gpigroup.com\/de\/#organization","name":"GPI S.p.A.","url":"https:\/\/www.gpigroup.com\/de\/","logo":{"@type":"ImageObject","inLanguage":"de-DE","@id":"https:\/\/www.gpigroup.com\/de\/#\/schema\/logo\/image\/","url":"https:\/\/www.gpigroup.com\/app\/uploads\/2023\/03\/logo-GPI-2019-1.jpg","contentUrl":"https:\/\/www.gpigroup.com\/app\/uploads\/2023\/03\/logo-GPI-2019-1.jpg","width":1946,"height":1945,"caption":"GPI S.p.A."},"image":{"@id":"https:\/\/www.gpigroup.com\/de\/#\/schema\/logo\/image\/"},"sameAs":["https:\/\/www.facebook.com\/GruppoGPI\/","https:\/\/www.linkedin.com\/company\/gpi-spa","http:\/\/www.youtube.com\/user\/GruppoGPI"]}]}},"_links":{"self":[{"href":"https:\/\/www.gpigroup.com\/de\/wp-json\/wp\/v2\/pages\/150206","targetHints":{"allow":["GET"]}}],"collection":[{"href":"https:\/\/www.gpigroup.com\/de\/wp-json\/wp\/v2\/pages"}],"about":[{"href":"https:\/\/www.gpigroup.com\/de\/wp-json\/wp\/v2\/types\/page"}],"author":[{"embeddable":true,"href":"https:\/\/www.gpigroup.com\/de\/wp-json\/wp\/v2\/users\/7"}],"replies":[{"embeddable":true,"href":"https:\/\/www.gpigroup.com\/de\/wp-json\/wp\/v2\/comments?post=150206"}],"version-history":[{"count":3,"href":"https:\/\/www.gpigroup.com\/de\/wp-json\/wp\/v2\/pages\/150206\/revisions"}],"predecessor-version":[{"id":157494,"href":"https:\/\/www.gpigroup.com\/de\/wp-json\/wp\/v2\/pages\/150206\/revisions\/157494"}],"wp:featuredmedia":[{"embeddable":true,"href":"https:\/\/www.gpigroup.com\/de\/wp-json\/wp\/v2\/media\/5153"}],"wp:attachment":[{"href":"https:\/\/www.gpigroup.com\/de\/wp-json\/wp\/v2\/media?parent=150206"}],"curies":[{"name":"wp","href":"https:\/\/api.w.org\/{rel}","templated":true}]}}